
{"id":8659,"date":"2026-02-13T10:17:58","date_gmt":"2026-02-13T09:17:58","guid":{"rendered":"https:\/\/przedszkole150.edu.wroclaw.pl\/?page_id=8659"},"modified":"2026-02-13T10:17:58","modified_gmt":"2026-02-13T09:17:58","slug":"ogolnopolski-projekt-edukacyjny-kodowanie-na-dywanie-2026","status":"publish","type":"page","link":"https:\/\/przedszkole150.edu.wroclaw.pl\/index.php\/ogolnopolski-projekt-edukacyjny-kodowanie-na-dywanie-2026\/","title":{"rendered":"Og\u00f3lnopolski projekt edukacyjny \u201eKodowanie na dywanie\u201d 2026"},"content":{"rendered":"<div class=\"wpb-content-wrapper\"><p>[vc_row][vc_column][vc_column_text]<span style=\"font-family: times new roman, times;font-size: 14pt\">Grupa VI bra\u0142a udzia\u0142 w og\u00f3lnopolskim projekcie edukacyjnym <span style=\"color: #008000\"><b>\u201eKodowanie na dywanie\u201d<\/b><\/span>, podczas kt\u00f3rego dzieci rozwija\u0142y logiczne my\u015blenie, umiej\u0119tno\u015b\u0107 wsp\u00f3\u0142pracy oraz podstawy programowania poprzez zabaw\u0119. Z wielkim zaanga\u017cowaniem wykonywa\u0142y kolejne zadania i wyzwania.<\/span>[\/vc_column_text][vc_gallery type=&#8221;image_grid&#8221; images=&#8221;8665,8664,8662,8661,8660&#8243; css=&#8221;&#8221;][\/vc_column][\/vc_row]<\/p>\n<\/div>","protected":false},"excerpt":{"rendered":"<p>[vc_row][vc_column][vc_column_text]Grupa VI bra\u0142a udzia\u0142 w og\u00f3lnopolskim projekcie edukacyjnym \u201eKodowanie na dywanie\u201d, podczas kt\u00f3rego dzieci rozwija\u0142y logiczne my\u015blenie, umiej\u0119tno\u015b\u0107 wsp\u00f3\u0142pracy oraz podstawy programowania poprzez zabaw\u0119. Z wielkim zaanga\u017cowaniem wykonywa\u0142y kolejne zadania [&hellip;]<\/p>\n","protected":false},"author":200,"featured_media":0,"parent":0,"menu_order":0,"comment_status":"closed","ping_status":"closed","template":"","meta":{"ngg_post_thumbnail":0,"footnotes":""},"class_list":["post-8659","page","type-page","status-publish","hentry","clearfix"],"_links":{"self":[{"href":"https:\/\/przedszkole150.edu.wroclaw.pl\/index.php\/wp-json\/wp\/v2\/pages\/8659","targetHints":{"allow":["GET"]}}],"collection":[{"href":"https:\/\/przedszkole150.edu.wroclaw.pl\/index.php\/wp-json\/wp\/v2\/pages"}],"about":[{"href":"https:\/\/przedszkole150.edu.wroclaw.pl\/index.php\/wp-json\/wp\/v2\/types\/page"}],"author":[{"embeddable":true,"href":"https:\/\/przedszkole150.edu.wroclaw.pl\/index.php\/wp-json\/wp\/v2\/users\/200"}],"replies":[{"embeddable":true,"href":"https:\/\/przedszkole150.edu.wroclaw.pl\/index.php\/wp-json\/wp\/v2\/comments?post=8659"}],"version-history":[{"count":1,"href":"https:\/\/przedszkole150.edu.wroclaw.pl\/index.php\/wp-json\/wp\/v2\/pages\/8659\/revisions"}],"predecessor-version":[{"id":8666,"href":"https:\/\/przedszkole150.edu.wroclaw.pl\/index.php\/wp-json\/wp\/v2\/pages\/8659\/revisions\/8666"}],"wp:attachment":[{"href":"https:\/\/przedszkole150.edu.wroclaw.pl\/index.php\/wp-json\/wp\/v2\/media?parent=8659"}],"curies":[{"name":"wp","href":"https:\/\/api.w.org\/{rel}","templated":true}]}}