
{"id":8679,"date":"2026-02-17T09:17:08","date_gmt":"2026-02-17T08:17:08","guid":{"rendered":"https:\/\/przedszkole150.edu.wroclaw.pl\/?page_id=8679"},"modified":"2026-02-17T09:33:13","modified_gmt":"2026-02-17T08:33:13","slug":"zimowy-pejzaz-ogolnopolski-konkurs-plastyczny","status":"publish","type":"page","link":"https:\/\/przedszkole150.edu.wroclaw.pl\/index.php\/zimowy-pejzaz-ogolnopolski-konkurs-plastyczny\/","title":{"rendered":"&#8222;Zimowy pejza\u017c&#8221; &#8211; og\u00f3lnopolski konkurs plastyczny"},"content":{"rendered":"<div class=\"wpb-content-wrapper\"><p>[vc_row][vc_column][vc_column_text css=&#8221;&#8221;]<\/p>\n<p align=\"center\"><span style=\"font-family: times new roman, times;font-size: 14pt\"><strong><span style=\"color: #ff0000\">\u201e<\/span><\/strong><strong><span style=\"color: #ff0000\">Zimowy pejza\u017c<\/span><\/strong><strong><span style=\"color: #ff0000\">\u201d \u2013 og\u00f3lnopolski konkurs plastyczny<\/span><\/strong><\/span><\/p>\n<p><span style=\"color: #000000;font-size: 14pt\"><span style=\"font-family: times new roman, times\">Natalia K. z gr. VII oraz Alicja R. z gr. IX wzi\u0119\u0142y udzia\u0142 w og\u00f3lnopolskim konkursie plastycznym pn. \u201eZimowy pejza\u017c\u201d. Organizator konkursu: Przedszkole Miejskie Nr 174 w \u0141odzi.<\/span><\/span><\/p>\n<p align=\"left\"><span style=\"color: #000000;font-size: 14pt\"><span style=\"font-family: Times New Roman, serif\">Cele konkursu:<\/span><\/span><\/p>\n<p align=\"left\"><span style=\"color: #000000;font-size: 14pt\">\u2022 <span style=\"font-family: Times New Roman, serif\">rozwijanie i kszta\u0142towanie wyobra\u017ani plastycznej dzieci;<\/span><\/span><\/p>\n<p align=\"left\"><span style=\"color: #000000;font-size: 14pt\">\u2022 <span style=\"font-family: Times New Roman, serif\">wykazanie si\u0119 kreatywno\u015bci\u0105 i zmys\u0142em estetycznym;<\/span><\/span><\/p>\n<p align=\"left\"><span style=\"color: #000000;font-size: 14pt\">\u2022 <span style=\"font-family: Times New Roman, serif\">rozwijanie sprawno\u015bci manualnej;<\/span><\/span><\/p>\n<p align=\"left\"><span style=\"color: #000000;font-size: 14pt\">\u2022 <span style=\"font-family: Times New Roman, serif\">poszerzanie wiedzy przyrodniczej;<\/span><\/span><\/p>\n<p align=\"left\"><span style=\"color: #000000;font-size: 14pt\">\u2022 <span style=\"font-family: Times New Roman, serif\">prezentacja i popularyzacja dzieci\u0119cej tw\u00f3rczo\u015bci plastycznej;<\/span><\/span><\/p>\n<p align=\"left\"><span style=\"color: #000000;font-size: 14pt\">\u2022 <span style=\"font-family: Times New Roman, serif\">rozbudzanie zainteresowa\u0144 r\u00f3\u017cnymi formami plastycznymi.<\/span><\/span><\/p>\n<p><span style=\"color: #000000;font-size: 14pt\"><span style=\"font-family: times new roman, times\">Podzi\u0119kowanie otrzyma\u0142y nauczycielki przygotowuj\u0105ce dzieci do udzia\u0142u w konkursie.<\/span><\/span>[\/vc_column_text][vc_gallery type=&#8221;image_grid&#8221; images=&#8221;8680,8681,8682,8683&#8243; css=&#8221;&#8221;][\/vc_column][\/vc_row]<\/p>\n<\/div>","protected":false},"excerpt":{"rendered":"<p>[vc_row][vc_column][vc_column_text css=&#8221;&#8221;] \u201eZimowy pejza\u017c\u201d \u2013 og\u00f3lnopolski konkurs plastyczny Natalia K. z gr. VII oraz Alicja R. z gr. IX wzi\u0119\u0142y udzia\u0142 w og\u00f3lnopolskim konkursie plastycznym pn. \u201eZimowy pejza\u017c\u201d. Organizator konkursu: [&hellip;]<\/p>\n","protected":false},"author":211,"featured_media":0,"parent":0,"menu_order":0,"comment_status":"closed","ping_status":"closed","template":"","meta":{"ngg_post_thumbnail":0,"footnotes":""},"class_list":["post-8679","page","type-page","status-publish","hentry","clearfix"],"_links":{"self":[{"href":"https:\/\/przedszkole150.edu.wroclaw.pl\/index.php\/wp-json\/wp\/v2\/pages\/8679","targetHints":{"allow":["GET"]}}],"collection":[{"href":"https:\/\/przedszkole150.edu.wroclaw.pl\/index.php\/wp-json\/wp\/v2\/pages"}],"about":[{"href":"https:\/\/przedszkole150.edu.wroclaw.pl\/index.php\/wp-json\/wp\/v2\/types\/page"}],"author":[{"embeddable":true,"href":"https:\/\/przedszkole150.edu.wroclaw.pl\/index.php\/wp-json\/wp\/v2\/users\/211"}],"replies":[{"embeddable":true,"href":"https:\/\/przedszkole150.edu.wroclaw.pl\/index.php\/wp-json\/wp\/v2\/comments?post=8679"}],"version-history":[{"count":3,"href":"https:\/\/przedszkole150.edu.wroclaw.pl\/index.php\/wp-json\/wp\/v2\/pages\/8679\/revisions"}],"predecessor-version":[{"id":8686,"href":"https:\/\/przedszkole150.edu.wroclaw.pl\/index.php\/wp-json\/wp\/v2\/pages\/8679\/revisions\/8686"}],"wp:attachment":[{"href":"https:\/\/przedszkole150.edu.wroclaw.pl\/index.php\/wp-json\/wp\/v2\/media?parent=8679"}],"curies":[{"name":"wp","href":"https:\/\/api.w.org\/{rel}","templated":true}]}}