
{"id":8688,"date":"2026-02-17T11:20:33","date_gmt":"2026-02-17T10:20:33","guid":{"rendered":"https:\/\/przedszkole150.edu.wroclaw.pl\/?page_id=8688"},"modified":"2026-02-17T11:20:33","modified_gmt":"2026-02-17T10:20:33","slug":"zabawa-andrzejkowa-2025","status":"publish","type":"page","link":"https:\/\/przedszkole150.edu.wroclaw.pl\/index.php\/zabawa-andrzejkowa-2025\/","title":{"rendered":"Zabawa andrzejkowa 2025"},"content":{"rendered":"<div class=\"wpb-content-wrapper\"><p>[vc_row][vc_column][vc_column_text]<span style=\"font-family: times new roman, times;font-size: 14pt\">W naszym przedszkolu odby\u0142 si\u0119 wyj\u0105tkowy bal andrzejkowy. Tego dnia dzieci przysz\u0142y przebrane za ma\u0142ych czarodziej\u00f3w i czarodziejki, nie zabrak\u0142o magicznych kapeluszy, peleryn oraz r\u00f3\u017cd\u017cek. Podczas zabawy czeka\u0142o na dzieci wiele atrakcji. By\u0142y tajemnicze wr\u00f3\u017cby, dzi\u0119ki kt\u00f3rym mogli\u015bmy si\u0119 dowiedzie\u0107 co przyniesie przysz\u0142o\u015b\u0107.\u00a0 Nie zabrak\u0142o r\u00f3wnie\u017c weso\u0142ych ta\u0144c\u00f3w przy muzyce. Sale zamieni\u0142y si\u0119 w prawdziwe krainy magii, pe\u0142ne \u015bmiechu i rado\u015bci.<\/span>[\/vc_column_text][vc_gallery type=&#8221;image_grid&#8221; images=&#8221;8699,8698,8697,8696,8695,8694,8689,8690,8691,8692,8693&#8243; css=&#8221;&#8221;][\/vc_column][\/vc_row]<\/p>\n<\/div>","protected":false},"excerpt":{"rendered":"<p>[vc_row][vc_column][vc_column_text]W naszym przedszkolu odby\u0142 si\u0119 wyj\u0105tkowy bal andrzejkowy. Tego dnia dzieci przysz\u0142y przebrane za ma\u0142ych czarodziej\u00f3w i czarodziejki, nie zabrak\u0142o magicznych kapeluszy, peleryn oraz r\u00f3\u017cd\u017cek. Podczas zabawy czeka\u0142o na dzieci [&hellip;]<\/p>\n","protected":false},"author":200,"featured_media":0,"parent":0,"menu_order":0,"comment_status":"closed","ping_status":"closed","template":"","meta":{"ngg_post_thumbnail":0,"footnotes":""},"class_list":["post-8688","page","type-page","status-publish","hentry","clearfix"],"_links":{"self":[{"href":"https:\/\/przedszkole150.edu.wroclaw.pl\/index.php\/wp-json\/wp\/v2\/pages\/8688","targetHints":{"allow":["GET"]}}],"collection":[{"href":"https:\/\/przedszkole150.edu.wroclaw.pl\/index.php\/wp-json\/wp\/v2\/pages"}],"about":[{"href":"https:\/\/przedszkole150.edu.wroclaw.pl\/index.php\/wp-json\/wp\/v2\/types\/page"}],"author":[{"embeddable":true,"href":"https:\/\/przedszkole150.edu.wroclaw.pl\/index.php\/wp-json\/wp\/v2\/users\/200"}],"replies":[{"embeddable":true,"href":"https:\/\/przedszkole150.edu.wroclaw.pl\/index.php\/wp-json\/wp\/v2\/comments?post=8688"}],"version-history":[{"count":1,"href":"https:\/\/przedszkole150.edu.wroclaw.pl\/index.php\/wp-json\/wp\/v2\/pages\/8688\/revisions"}],"predecessor-version":[{"id":8700,"href":"https:\/\/przedszkole150.edu.wroclaw.pl\/index.php\/wp-json\/wp\/v2\/pages\/8688\/revisions\/8700"}],"wp:attachment":[{"href":"https:\/\/przedszkole150.edu.wroclaw.pl\/index.php\/wp-json\/wp\/v2\/media?parent=8688"}],"curies":[{"name":"wp","href":"https:\/\/api.w.org\/{rel}","templated":true}]}}