
{"id":8702,"date":"2026-02-17T11:32:17","date_gmt":"2026-02-17T10:32:17","guid":{"rendered":"https:\/\/przedszkole150.edu.wroclaw.pl\/?page_id=8702"},"modified":"2026-02-17T11:32:17","modified_gmt":"2026-02-17T10:32:17","slug":"zabawy-na-sniegu","status":"publish","type":"page","link":"https:\/\/przedszkole150.edu.wroclaw.pl\/index.php\/zabawy-na-sniegu\/","title":{"rendered":"Zabawy na \u015bniegu"},"content":{"rendered":"<div class=\"wpb-content-wrapper\"><p>[vc_row][vc_column][vc_column_text]<\/p>\n<p align=\"center\"><span style=\"color: #3366ff;font-family: times new roman, times;font-size: 14pt\"><b>ZABAWY NA \u015aNIEGU<\/b><\/span><\/p>\n<p><span style=\"font-family: times new roman, times;font-size: 14pt\">Korzystaj\u0105c z urok\u00f3w zimy przedszkolaki bawi\u0142y si\u0119 na \u015bniegu w naszym przedszkolnym ogrodzie. Dzieci odda\u0142y si\u0119 zimowemu szale\u0144stwu, lepi\u0105c ba\u0142wana, rzucaj\u0105c \u015bnie\u017ckami. By\u0142o weso\u0142o i rado\u015bnie.<\/span>[\/vc_column_text][vc_gallery type=&#8221;image_grid&#8221; images=&#8221;8703,8704,8705,8706,8707,8708,8709,8710,8711,8712,8713&#8243; css=&#8221;&#8221;][\/vc_column][\/vc_row]<\/p>\n<\/div>","protected":false},"excerpt":{"rendered":"<p>[vc_row][vc_column][vc_column_text] ZABAWY NA \u015aNIEGU Korzystaj\u0105c z urok\u00f3w zimy przedszkolaki bawi\u0142y si\u0119 na \u015bniegu w naszym przedszkolnym ogrodzie. Dzieci odda\u0142y si\u0119 zimowemu szale\u0144stwu, lepi\u0105c ba\u0142wana, rzucaj\u0105c \u015bnie\u017ckami. By\u0142o weso\u0142o i rado\u015bnie.[\/vc_column_text][vc_gallery [&hellip;]<\/p>\n","protected":false},"author":211,"featured_media":0,"parent":0,"menu_order":0,"comment_status":"closed","ping_status":"closed","template":"","meta":{"ngg_post_thumbnail":0,"footnotes":""},"class_list":["post-8702","page","type-page","status-publish","hentry","clearfix"],"_links":{"self":[{"href":"https:\/\/przedszkole150.edu.wroclaw.pl\/index.php\/wp-json\/wp\/v2\/pages\/8702","targetHints":{"allow":["GET"]}}],"collection":[{"href":"https:\/\/przedszkole150.edu.wroclaw.pl\/index.php\/wp-json\/wp\/v2\/pages"}],"about":[{"href":"https:\/\/przedszkole150.edu.wroclaw.pl\/index.php\/wp-json\/wp\/v2\/types\/page"}],"author":[{"embeddable":true,"href":"https:\/\/przedszkole150.edu.wroclaw.pl\/index.php\/wp-json\/wp\/v2\/users\/211"}],"replies":[{"embeddable":true,"href":"https:\/\/przedszkole150.edu.wroclaw.pl\/index.php\/wp-json\/wp\/v2\/comments?post=8702"}],"version-history":[{"count":2,"href":"https:\/\/przedszkole150.edu.wroclaw.pl\/index.php\/wp-json\/wp\/v2\/pages\/8702\/revisions"}],"predecessor-version":[{"id":8715,"href":"https:\/\/przedszkole150.edu.wroclaw.pl\/index.php\/wp-json\/wp\/v2\/pages\/8702\/revisions\/8715"}],"wp:attachment":[{"href":"https:\/\/przedszkole150.edu.wroclaw.pl\/index.php\/wp-json\/wp\/v2\/media?parent=8702"}],"curies":[{"name":"wp","href":"https:\/\/api.w.org\/{rel}","templated":true}]}}