
{"id":8735,"date":"2026-02-17T18:58:48","date_gmt":"2026-02-17T17:58:48","guid":{"rendered":"https:\/\/przedszkole150.edu.wroclaw.pl\/?page_id=8735"},"modified":"2026-02-17T18:58:48","modified_gmt":"2026-02-17T17:58:48","slug":"dzien-kota-2026","status":"publish","type":"page","link":"https:\/\/przedszkole150.edu.wroclaw.pl\/index.php\/dzien-kota-2026\/","title":{"rendered":"Dzie\u0144 Kota 2026"},"content":{"rendered":"<div class=\"wpb-content-wrapper\"><p>[vc_row][vc_column][vc_column_text]<span style=\"font-family: times new roman, times;font-size: 14pt\">W naszym przedszkolu odby\u0142y si\u0119 radosne obchody Dnia Kota. Dzieci poznawa\u0142y tajemnice i ciekawostki na temat kot\u00f3w, dowiedzia\u0142y si\u0119, jakie s\u0105 ich zwyczaje oraz jak nale\u017cy si\u0119 nimi opiekowa\u0107. Przedszkolaki bra\u0142y udzia\u0142 w zabawach tematycznych, s\u0142ucha\u0142y opowiada\u0144 o kotach i rozwi\u0105zywa\u0142y zagadki. Uczy\u0142y si\u0119 jak troszczy\u0107 si\u0119\u00a0 o zwierz\u0119ta i okazywa\u0107 im szacunek.\u00a0 \u00a0 \u00a0 \u00a0 \u00a0 \u00a0 \u00a0 Na zako\u0144czenie wykona\u0142y pi\u0119kne prace plastyczne przedstawiaj\u0105ce kotki.\u00a0 \ud83d\udc31<\/span>[\/vc_column_text][vc_gallery type=&#8221;image_grid&#8221; images=&#8221;8736,8737,8738,8739,8740,8741,8742,8743,8744&#8243; css=&#8221;&#8221;][\/vc_column][\/vc_row]<\/p>\n<\/div>","protected":false},"excerpt":{"rendered":"<p>[vc_row][vc_column][vc_column_text]W naszym przedszkolu odby\u0142y si\u0119 radosne obchody Dnia Kota. Dzieci poznawa\u0142y tajemnice i ciekawostki na temat kot\u00f3w, dowiedzia\u0142y si\u0119, jakie s\u0105 ich zwyczaje oraz jak nale\u017cy si\u0119 nimi opiekowa\u0107. Przedszkolaki [&hellip;]<\/p>\n","protected":false},"author":200,"featured_media":0,"parent":0,"menu_order":0,"comment_status":"closed","ping_status":"closed","template":"","meta":{"ngg_post_thumbnail":0,"footnotes":""},"class_list":["post-8735","page","type-page","status-publish","hentry","clearfix"],"_links":{"self":[{"href":"https:\/\/przedszkole150.edu.wroclaw.pl\/index.php\/wp-json\/wp\/v2\/pages\/8735","targetHints":{"allow":["GET"]}}],"collection":[{"href":"https:\/\/przedszkole150.edu.wroclaw.pl\/index.php\/wp-json\/wp\/v2\/pages"}],"about":[{"href":"https:\/\/przedszkole150.edu.wroclaw.pl\/index.php\/wp-json\/wp\/v2\/types\/page"}],"author":[{"embeddable":true,"href":"https:\/\/przedszkole150.edu.wroclaw.pl\/index.php\/wp-json\/wp\/v2\/users\/200"}],"replies":[{"embeddable":true,"href":"https:\/\/przedszkole150.edu.wroclaw.pl\/index.php\/wp-json\/wp\/v2\/comments?post=8735"}],"version-history":[{"count":1,"href":"https:\/\/przedszkole150.edu.wroclaw.pl\/index.php\/wp-json\/wp\/v2\/pages\/8735\/revisions"}],"predecessor-version":[{"id":8745,"href":"https:\/\/przedszkole150.edu.wroclaw.pl\/index.php\/wp-json\/wp\/v2\/pages\/8735\/revisions\/8745"}],"wp:attachment":[{"href":"https:\/\/przedszkole150.edu.wroclaw.pl\/index.php\/wp-json\/wp\/v2\/media?parent=8735"}],"curies":[{"name":"wp","href":"https:\/\/api.w.org\/{rel}","templated":true}]}}