
{"id":8747,"date":"2026-02-19T13:22:00","date_gmt":"2026-02-19T12:22:00","guid":{"rendered":"https:\/\/przedszkole150.edu.wroclaw.pl\/?page_id=8747"},"modified":"2026-02-19T13:22:00","modified_gmt":"2026-02-19T12:22:00","slug":"pasowanie-na-przedszkolaka-2026","status":"publish","type":"page","link":"https:\/\/przedszkole150.edu.wroclaw.pl\/index.php\/pasowanie-na-przedszkolaka-2026\/","title":{"rendered":"Pasowanie na Przedszkolaka 2026"},"content":{"rendered":"<div class=\"wpb-content-wrapper\"><p>[vc_row][vc_column][vc_column_text]<\/p>\n<p data-start=\"0\" data-end=\"301\"><span style=\"font-family: times new roman, times;font-size: 14pt\">Pasowanie na Przedszkolaka to wyj\u0105tkowe i pe\u0142ne emocji wydarzenie w \u017cyciu ka\u017cdego malucha. W tym uroczystym dniu nasze najm\u0142odsze przedszkolaki z grupy I i III po raz pierwszy wyst\u0105pi\u0142y przed tak liczn\u0105 publiczno\u015bci\u0105. Na uroczysto\u015bci obecni byli dumni Rodzice oraz Pani Dyrektor.<\/span><\/p>\n<p data-start=\"303\" data-end=\"601\"><span style=\"font-family: times new roman, times;font-size: 14pt\">Uroczysto\u015b\u0107 rozpocz\u0119\u0142a si\u0119 kr\u00f3tkim programem artystycznym. Maluszki zaprezentowa\u0142y wierszyki, piosenki oraz proste uk\u0142ady taneczne, do kt\u00f3rych pilnie przygotowywa\u0142y si\u0119 przez ostatnie tygodnie. Cho\u0107 nie brakowa\u0142o tremy, wszystkie dzieci spisa\u0142y si\u0119 znakomicie i zosta\u0142y nagrodzone gromkimi brawami.<\/span><\/p>\n<p data-start=\"603\" data-end=\"847\"><span style=\"font-family: times new roman, times;font-size: 14pt\">Najwa\u017cniejszym momentem by\u0142o oczywi\u015bcie uroczyste pasowanie. Pani Dyrektor, trzymaj\u0105c symboliczny o\u0142\u00f3wek, pasowa\u0142a ka\u017cde dziecko na prawdziwego przedszkolaka. By\u0142a to chwila pe\u0142na wzrusze\u0144 i rado\u015bci \u2013 zar\u00f3wno dla dzieci, jak i dla ich rodzic\u00f3w.<\/span><\/p>\n<p data-start=\"849\" data-end=\"1054\"><span style=\"font-family: times new roman, times;font-size: 14pt\">Na zako\u0144czenie uroczysto\u015bci maluszki otrzyma\u0142y pami\u0105tkowe dyplomy oraz ksi\u0105\u017ceczki, kt\u00f3re wywo\u0142a\u0142y na ich twarzach szerokie u\u015bmiechy. Wsp\u00f3lne zdj\u0119cia i rozmowy by\u0142y pi\u0119knym zwie\u0144czeniem tego wyj\u0105tkowego dnia.<\/span><\/p>\n<p data-start=\"1056\" data-end=\"1189\" data-is-last-node=\"\" data-is-only-node=\"\"><span style=\"font-family: times new roman, times;font-size: 14pt\">To wydarzenie na d\u0142ugo pozostanie w naszej pami\u0119ci jako symboliczny pocz\u0105tek przedszkolnej przygody naszych najm\u0142odszych wychowank\u00f3w.<\/span><\/p>\n<p>[\/vc_column_text][vc_gallery type=&#8221;image_grid&#8221; images=&#8221;8748,8749,8750,8751&#8243; css=&#8221;&#8221;][\/vc_column][\/vc_row]<\/p>\n<\/div>","protected":false},"excerpt":{"rendered":"<p>[vc_row][vc_column][vc_column_text] Pasowanie na Przedszkolaka to wyj\u0105tkowe i pe\u0142ne emocji wydarzenie w \u017cyciu ka\u017cdego malucha. W tym uroczystym dniu nasze najm\u0142odsze przedszkolaki z grupy I i III po raz pierwszy wyst\u0105pi\u0142y [&hellip;]<\/p>\n","protected":false},"author":200,"featured_media":0,"parent":0,"menu_order":0,"comment_status":"closed","ping_status":"closed","template":"","meta":{"ngg_post_thumbnail":0,"footnotes":""},"class_list":["post-8747","page","type-page","status-publish","hentry","clearfix"],"_links":{"self":[{"href":"https:\/\/przedszkole150.edu.wroclaw.pl\/index.php\/wp-json\/wp\/v2\/pages\/8747","targetHints":{"allow":["GET"]}}],"collection":[{"href":"https:\/\/przedszkole150.edu.wroclaw.pl\/index.php\/wp-json\/wp\/v2\/pages"}],"about":[{"href":"https:\/\/przedszkole150.edu.wroclaw.pl\/index.php\/wp-json\/wp\/v2\/types\/page"}],"author":[{"embeddable":true,"href":"https:\/\/przedszkole150.edu.wroclaw.pl\/index.php\/wp-json\/wp\/v2\/users\/200"}],"replies":[{"embeddable":true,"href":"https:\/\/przedszkole150.edu.wroclaw.pl\/index.php\/wp-json\/wp\/v2\/comments?post=8747"}],"version-history":[{"count":1,"href":"https:\/\/przedszkole150.edu.wroclaw.pl\/index.php\/wp-json\/wp\/v2\/pages\/8747\/revisions"}],"predecessor-version":[{"id":8752,"href":"https:\/\/przedszkole150.edu.wroclaw.pl\/index.php\/wp-json\/wp\/v2\/pages\/8747\/revisions\/8752"}],"wp:attachment":[{"href":"https:\/\/przedszkole150.edu.wroclaw.pl\/index.php\/wp-json\/wp\/v2\/media?parent=8747"}],"curies":[{"name":"wp","href":"https:\/\/api.w.org\/{rel}","templated":true}]}}