
{"id":8755,"date":"2026-02-23T14:18:06","date_gmt":"2026-02-23T13:18:06","guid":{"rendered":"https:\/\/przedszkole150.edu.wroclaw.pl\/?page_id=8755"},"modified":"2026-02-23T14:18:06","modified_gmt":"2026-02-23T13:18:06","slug":"kiedy-sniegu-nie-ma-a-mroz-trzyma-alternatywna-zabawka-domowa-na-zimowy-czas","status":"publish","type":"page","link":"https:\/\/przedszkole150.edu.wroclaw.pl\/index.php\/kiedy-sniegu-nie-ma-a-mroz-trzyma-alternatywna-zabawka-domowa-na-zimowy-czas\/","title":{"rendered":"&#8222;Kiedy \u015bniegu nie ma, a mr\u00f3z trzyma&#8230;&#8221; &#8211; alternatywna zabawka domowa na zimowy czas"},"content":{"rendered":"<div class=\"wpb-content-wrapper\"><p>[vc_row][vc_column][vc_column_text]<\/p>\n<p align=\"center\"><span style=\"font-family: times new roman, times;font-size: 14pt\"><strong><span style=\"color: #ff0000\">\u201e<\/span><\/strong><strong><span style=\"color: #ff0000\">Kiedy \u015bniegu nie ma, a mr\u00f3z trzyma&#8230;<\/span><\/strong><strong><span style=\"color: #ff0000\">\u201d \u2013 <\/span><\/strong><strong><span style=\"color: #ff0000\">alternatywna zabawka domowa na zimowy czas<\/span><\/strong><\/span><\/p>\n<p><span style=\"font-family: times new roman, times;font-size: 14pt;color: #000000\">Micha\u0142 R. z gr. VII oraz Emil. P. z gr. IX wzi\u0119li udzia\u0142 w og\u00f3lnopolskim konkursie pn. \u201eKiedy \u015bniegu nie ma, ma mr\u00f3z trzyma&#8230;\u201d. Organizator konkursu: Przedszkole Miejskie Nr 57 im. M. Konopnickiej w Sosnowcu.<\/span><\/p>\n<p align=\"left\"><span style=\"font-family: times new roman, times;font-size: 14pt;color: #000000\">Cele konkursu:<\/span><\/p>\n<ul>\n<li><span style=\"font-size: 14pt;font-family: times new roman, times;color: #000000\">rozwijanie wyobra\u017ani, kreatywno\u015bci rodzica i dziecka;<\/span><\/li>\n<li><span style=\"font-size: 14pt;font-family: times new roman, times;color: #000000\">integracja w czasie wolnym rodziny w czasie wsp\u00f3lnych dzia\u0142a\u0144;<\/span><\/li>\n<li><span style=\"font-family: times new roman, times;font-size: 14pt;color: #000000\">doskonalenie umiej\u0119tno\u015bci tw\u00f3rczego my\u015blenia.<\/span><\/li>\n<\/ul>\n<p><span style=\"font-family: times new roman, times;font-size: 14pt;color: #000000\">Podzi\u0119kowanie otrzyma\u0142y nauczycielki przygotowuj\u0105ce dzieci do udzia\u0142u w konkursie oraz nasze Przedszkole.<\/span>[\/vc_column_text][vc_gallery type=&#8221;image_grid&#8221; images=&#8221;8756,8757,8758,8759,8760&#8243; css=&#8221;&#8221;][\/vc_column][\/vc_row]<\/p>\n<\/div>","protected":false},"excerpt":{"rendered":"<p>[vc_row][vc_column][vc_column_text] \u201eKiedy \u015bniegu nie ma, a mr\u00f3z trzyma&#8230;\u201d \u2013 alternatywna zabawka domowa na zimowy czas Micha\u0142 R. z gr. VII oraz Emil. P. z gr. IX wzi\u0119li udzia\u0142 w og\u00f3lnopolskim [&hellip;]<\/p>\n","protected":false},"author":211,"featured_media":0,"parent":0,"menu_order":0,"comment_status":"closed","ping_status":"closed","template":"","meta":{"ngg_post_thumbnail":0,"footnotes":""},"class_list":["post-8755","page","type-page","status-publish","hentry","clearfix"],"_links":{"self":[{"href":"https:\/\/przedszkole150.edu.wroclaw.pl\/index.php\/wp-json\/wp\/v2\/pages\/8755","targetHints":{"allow":["GET"]}}],"collection":[{"href":"https:\/\/przedszkole150.edu.wroclaw.pl\/index.php\/wp-json\/wp\/v2\/pages"}],"about":[{"href":"https:\/\/przedszkole150.edu.wroclaw.pl\/index.php\/wp-json\/wp\/v2\/types\/page"}],"author":[{"embeddable":true,"href":"https:\/\/przedszkole150.edu.wroclaw.pl\/index.php\/wp-json\/wp\/v2\/users\/211"}],"replies":[{"embeddable":true,"href":"https:\/\/przedszkole150.edu.wroclaw.pl\/index.php\/wp-json\/wp\/v2\/comments?post=8755"}],"version-history":[{"count":2,"href":"https:\/\/przedszkole150.edu.wroclaw.pl\/index.php\/wp-json\/wp\/v2\/pages\/8755\/revisions"}],"predecessor-version":[{"id":8762,"href":"https:\/\/przedszkole150.edu.wroclaw.pl\/index.php\/wp-json\/wp\/v2\/pages\/8755\/revisions\/8762"}],"wp:attachment":[{"href":"https:\/\/przedszkole150.edu.wroclaw.pl\/index.php\/wp-json\/wp\/v2\/media?parent=8755"}],"curies":[{"name":"wp","href":"https:\/\/api.w.org\/{rel}","templated":true}]}}