
{"id":8764,"date":"2026-02-26T08:09:02","date_gmt":"2026-02-26T07:09:02","guid":{"rendered":"https:\/\/przedszkole150.edu.wroclaw.pl\/?page_id=8764"},"modified":"2026-02-26T08:09:02","modified_gmt":"2026-02-26T07:09:02","slug":"dzien-babci-i-dziadka","status":"publish","type":"page","link":"https:\/\/przedszkole150.edu.wroclaw.pl\/index.php\/dzien-babci-i-dziadka\/","title":{"rendered":"Dzie\u0144 Babci i Dziadka"},"content":{"rendered":"<div class=\"wpb-content-wrapper\"><p>[vc_row][vc_column][vc_column_text]W naszym przedszkolu odby\u0142o si\u0119 bardzo wa\u017cne i wyj\u0105tkowe \u015bwi\u0119to \u2013 \u201eDzie\u0144 Babci i Dziadka&#8221;.\u00a0 By\u0142y to dni pe\u0142ne rado\u015bci, wzrusze\u0144 i rodzinnego ciep\u0142a, kt\u00f3ry na d\u0142ugo pozostanie w pami\u0119ci zar\u00f3wno dzieci, jak i zaproszonych go\u015bci.<\/p>\n<p>Dzieci z ogromnym zaanga\u017cowaniem przygotowywa\u0142y si\u0119 do tego dnia, ucz\u0105c si\u0119 piosenek oraz uk\u0142ad\u00f3w tanecznych, kt\u00f3re zaprezentowa\u0142y przed swoimi Babciami i Dziadkami. Wygrywana melodia na instrumentach przez dzieci, na d\u0142ugo zago\u015bci w sercach Dziadk\u00f3w.<\/p>\n<p>Ka\u017cdy wyst\u0119p zosta\u0142 nagrodzony gromkimi brawami, a na twarzach go\u015bci mo\u017cna by\u0142o dostrzec wzruszenie, dum\u0119 i ogromn\u0105 rado\u015b\u0107. Dzieci w ten spos\u00f3b wyrazi\u0142y swoj\u0105 mi\u0142o\u015b\u0107, wdzi\u0119czno\u015b\u0107 i szacunek dla najbli\u017cszych.<\/p>\n<p>[\/vc_column_text][vc_gallery type=&#8221;image_grid&#8221; images=&#8221;8765,8766,8767,8768&#8243; css=&#8221;&#8221;][\/vc_column][\/vc_row]<\/p>\n<\/div>","protected":false},"excerpt":{"rendered":"<p>[vc_row][vc_column][vc_column_text]W naszym przedszkolu odby\u0142o si\u0119 bardzo wa\u017cne i wyj\u0105tkowe \u015bwi\u0119to \u2013 \u201eDzie\u0144 Babci i Dziadka&#8221;.\u00a0 By\u0142y to dni pe\u0142ne rado\u015bci, wzrusze\u0144 i rodzinnego ciep\u0142a, kt\u00f3ry na d\u0142ugo pozostanie w pami\u0119ci [&hellip;]<\/p>\n","protected":false},"author":264,"featured_media":0,"parent":0,"menu_order":0,"comment_status":"closed","ping_status":"closed","template":"","meta":{"ngg_post_thumbnail":0,"footnotes":""},"class_list":["post-8764","page","type-page","status-publish","hentry","clearfix"],"_links":{"self":[{"href":"https:\/\/przedszkole150.edu.wroclaw.pl\/index.php\/wp-json\/wp\/v2\/pages\/8764","targetHints":{"allow":["GET"]}}],"collection":[{"href":"https:\/\/przedszkole150.edu.wroclaw.pl\/index.php\/wp-json\/wp\/v2\/pages"}],"about":[{"href":"https:\/\/przedszkole150.edu.wroclaw.pl\/index.php\/wp-json\/wp\/v2\/types\/page"}],"author":[{"embeddable":true,"href":"https:\/\/przedszkole150.edu.wroclaw.pl\/index.php\/wp-json\/wp\/v2\/users\/264"}],"replies":[{"embeddable":true,"href":"https:\/\/przedszkole150.edu.wroclaw.pl\/index.php\/wp-json\/wp\/v2\/comments?post=8764"}],"version-history":[{"count":1,"href":"https:\/\/przedszkole150.edu.wroclaw.pl\/index.php\/wp-json\/wp\/v2\/pages\/8764\/revisions"}],"predecessor-version":[{"id":8769,"href":"https:\/\/przedszkole150.edu.wroclaw.pl\/index.php\/wp-json\/wp\/v2\/pages\/8764\/revisions\/8769"}],"wp:attachment":[{"href":"https:\/\/przedszkole150.edu.wroclaw.pl\/index.php\/wp-json\/wp\/v2\/media?parent=8764"}],"curies":[{"name":"wp","href":"https:\/\/api.w.org\/{rel}","templated":true}]}}