
{"id":8777,"date":"2026-03-02T06:02:49","date_gmt":"2026-03-02T05:02:49","guid":{"rendered":"https:\/\/przedszkole150.edu.wroclaw.pl\/?page_id=8777"},"modified":"2026-03-02T06:02:49","modified_gmt":"2026-03-02T05:02:49","slug":"dzien-dinozaura","status":"publish","type":"page","link":"https:\/\/przedszkole150.edu.wroclaw.pl\/index.php\/dzien-dinozaura\/","title":{"rendered":"Dzie\u0144 dinozaura"},"content":{"rendered":"<div class=\"wpb-content-wrapper\"><p>[vc_row][vc_column][vc_column_text]26 lutego w naszym przedszkolu obchodzili\u015bmy\u00a0<span data-processed=\"true\" data-wiz-uids=\"yCLwZc_7\">Dzie\u0144 Dinozaura<\/span>. Dzieci przenios\u0142y si\u0119 w fascynuj\u0105cy, prehistoryczny \u015bwiat, poznaj\u0105c gatunki dinozaur\u00f3w, ich zwyczaje i prac\u0119 paleontologa. W programie nie zabrak\u0142o tematycznych zabaw ruchowych, sensorycznych wykopalisk, kreatywnych prac plastycznych, co zapewni\u0142o wspania\u0142\u0105 zabaw\u0119.<\/p>\n<p>&nbsp;<\/p>\n<p>[\/vc_column_text][vc_gallery type=&#8221;image_grid&#8221; images=&#8221;8780,8781,8782,8783,8784,8785,8786,8787,8788,8789,8790,8791,8792&#8243; css=&#8221;&#8221;][\/vc_column][\/vc_row]<\/p>\n<\/div>","protected":false},"excerpt":{"rendered":"<p>[vc_row][vc_column][vc_column_text]26 lutego w naszym przedszkolu obchodzili\u015bmy\u00a0Dzie\u0144 Dinozaura. Dzieci przenios\u0142y si\u0119 w fascynuj\u0105cy, prehistoryczny \u015bwiat, poznaj\u0105c gatunki dinozaur\u00f3w, ich zwyczaje i prac\u0119 paleontologa. W programie nie zabrak\u0142o tematycznych zabaw ruchowych, sensorycznych [&hellip;]<\/p>\n","protected":false},"author":264,"featured_media":0,"parent":0,"menu_order":0,"comment_status":"closed","ping_status":"closed","template":"","meta":{"ngg_post_thumbnail":0,"footnotes":""},"class_list":["post-8777","page","type-page","status-publish","hentry","clearfix"],"_links":{"self":[{"href":"https:\/\/przedszkole150.edu.wroclaw.pl\/index.php\/wp-json\/wp\/v2\/pages\/8777","targetHints":{"allow":["GET"]}}],"collection":[{"href":"https:\/\/przedszkole150.edu.wroclaw.pl\/index.php\/wp-json\/wp\/v2\/pages"}],"about":[{"href":"https:\/\/przedszkole150.edu.wroclaw.pl\/index.php\/wp-json\/wp\/v2\/types\/page"}],"author":[{"embeddable":true,"href":"https:\/\/przedszkole150.edu.wroclaw.pl\/index.php\/wp-json\/wp\/v2\/users\/264"}],"replies":[{"embeddable":true,"href":"https:\/\/przedszkole150.edu.wroclaw.pl\/index.php\/wp-json\/wp\/v2\/comments?post=8777"}],"version-history":[{"count":1,"href":"https:\/\/przedszkole150.edu.wroclaw.pl\/index.php\/wp-json\/wp\/v2\/pages\/8777\/revisions"}],"predecessor-version":[{"id":8793,"href":"https:\/\/przedszkole150.edu.wroclaw.pl\/index.php\/wp-json\/wp\/v2\/pages\/8777\/revisions\/8793"}],"wp:attachment":[{"href":"https:\/\/przedszkole150.edu.wroclaw.pl\/index.php\/wp-json\/wp\/v2\/media?parent=8777"}],"curies":[{"name":"wp","href":"https:\/\/api.w.org\/{rel}","templated":true}]}}