
{"id":8833,"date":"2026-03-10T05:51:59","date_gmt":"2026-03-10T04:51:59","guid":{"rendered":"https:\/\/przedszkole150.edu.wroclaw.pl\/?page_id=8833"},"modified":"2026-03-10T05:51:59","modified_gmt":"2026-03-10T04:51:59","slug":"wyscie-do-animy-legendy-wroclawia","status":"publish","type":"page","link":"https:\/\/przedszkole150.edu.wroclaw.pl\/index.php\/wyscie-do-animy-legendy-wroclawia\/","title":{"rendered":"Wy\u015bcie do Animy &#8221; Legendy Wroc\u0142awia&#8221;"},"content":{"rendered":"<div class=\"wpb-content-wrapper\"><p>[vc_row][vc_column][vc_column_text]Dzieci z Przedszkola 150 uda\u0142y si\u0119 do Wroc\u0142awskiego Klubu &#8222;Anima&#8221; na przedstawienie teatralne pt. &#8222;Legendy Wroc\u0142awia&#8221;. By\u0142a to dla naszych przedszkolak\u00f3w niezwyk\u0142a podr\u00f3\u017c do \u015biata magii, historii naszego miasta.<\/p>\n<p>&nbsp;<\/p>\n<p>[\/vc_column_text][vc_gallery type=&#8221;image_grid&#8221; images=&#8221;8834&#8243; css=&#8221;&#8221;][\/vc_column][\/vc_row]<\/p>\n<\/div>","protected":false},"excerpt":{"rendered":"<p>[vc_row][vc_column][vc_column_text]Dzieci z Przedszkola 150 uda\u0142y si\u0119 do Wroc\u0142awskiego Klubu &#8222;Anima&#8221; na przedstawienie teatralne pt. &#8222;Legendy Wroc\u0142awia&#8221;. By\u0142a to dla naszych przedszkolak\u00f3w niezwyk\u0142a podr\u00f3\u017c do \u015biata magii, historii naszego miasta. &nbsp; [&hellip;]<\/p>\n","protected":false},"author":264,"featured_media":0,"parent":0,"menu_order":0,"comment_status":"closed","ping_status":"closed","template":"","meta":{"ngg_post_thumbnail":0,"footnotes":""},"class_list":["post-8833","page","type-page","status-publish","hentry","clearfix"],"_links":{"self":[{"href":"https:\/\/przedszkole150.edu.wroclaw.pl\/index.php\/wp-json\/wp\/v2\/pages\/8833","targetHints":{"allow":["GET"]}}],"collection":[{"href":"https:\/\/przedszkole150.edu.wroclaw.pl\/index.php\/wp-json\/wp\/v2\/pages"}],"about":[{"href":"https:\/\/przedszkole150.edu.wroclaw.pl\/index.php\/wp-json\/wp\/v2\/types\/page"}],"author":[{"embeddable":true,"href":"https:\/\/przedszkole150.edu.wroclaw.pl\/index.php\/wp-json\/wp\/v2\/users\/264"}],"replies":[{"embeddable":true,"href":"https:\/\/przedszkole150.edu.wroclaw.pl\/index.php\/wp-json\/wp\/v2\/comments?post=8833"}],"version-history":[{"count":1,"href":"https:\/\/przedszkole150.edu.wroclaw.pl\/index.php\/wp-json\/wp\/v2\/pages\/8833\/revisions"}],"predecessor-version":[{"id":8835,"href":"https:\/\/przedszkole150.edu.wroclaw.pl\/index.php\/wp-json\/wp\/v2\/pages\/8833\/revisions\/8835"}],"wp:attachment":[{"href":"https:\/\/przedszkole150.edu.wroclaw.pl\/index.php\/wp-json\/wp\/v2\/media?parent=8833"}],"curies":[{"name":"wp","href":"https:\/\/api.w.org\/{rel}","templated":true}]}}