
{"id":8836,"date":"2026-03-10T05:53:57","date_gmt":"2026-03-10T04:53:57","guid":{"rendered":"https:\/\/przedszkole150.edu.wroclaw.pl\/?page_id=8836"},"modified":"2026-03-10T05:54:16","modified_gmt":"2026-03-10T04:54:16","slug":"wizyta-samorzadu-uczniowskiego","status":"publish","type":"page","link":"https:\/\/przedszkole150.edu.wroclaw.pl\/index.php\/wizyta-samorzadu-uczniowskiego\/","title":{"rendered":"Wizyta Samorz\u0105du Uczniowskiego"},"content":{"rendered":"<div class=\"wpb-content-wrapper\"><p data-end=\"268\" data-start=\"36\" data-olk-copy-source=\"MessageBody\">Dzi\u015b nasze przedszkole odwiedzili przedstawiciele Samorz\u0105du Uczniowskiego wraz z opiekunem ze Szko\u0142y Podstawowej nr 33 im. Tradycji Herbu Wroc\u0142awia we Wroc\u0142awiu. Go\u015bcie przekazali nam drobny upominek, za kt\u00f3ry serdecznie dzi\u0119kujemy.<\/p>\n<p data-end=\"480\" data-start=\"270\">Spotkanie przebieg\u0142o w bardzo mi\u0142ej i serdecznej atmosferze. By\u0142o nam szczeg\u00f3lnie mi\u0142o, poniewa\u017c w sk\u0142ad Samorz\u0105du wchodz\u0105 r\u00f3wnie\u017c absolwenci naszego przedszkola, co tym bardziej podkre\u015bla nasz\u0105 s\u0105siedzk\u0105 wi\u0119\u017a.<\/p>\n<p data-is-last-nodedata-is-only-node=\"\" data-end=\"570\" data-start=\"482\">Dzi\u0119kujemy za wizyt\u0119 i mi\u0142e spotkanie. Liczymy na dalsz\u0105 owocn\u0105 wsp\u00f3\u0142prac\u0119 s\u0105siedzk\u0105!<\/p>\n<p>[\/vc_column_text][vc_gallery type=&#8221;image_grid&#8221; images=&#8221;8837&#8243; css=&#8221;&#8221;][\/vc_column][\/vc_row]<\/p>\n<\/div>","protected":false},"excerpt":{"rendered":"<p>Dzi\u015b nasze przedszkole odwiedzili przedstawiciele Samorz\u0105du Uczniowskiego wraz z opiekunem ze Szko\u0142y Podstawowej nr 33 im. Tradycji Herbu Wroc\u0142awia we Wroc\u0142awiu. Go\u015bcie przekazali nam drobny upominek, za kt\u00f3ry serdecznie dzi\u0119kujemy. [&hellip;]<\/p>\n","protected":false},"author":264,"featured_media":0,"parent":0,"menu_order":0,"comment_status":"closed","ping_status":"closed","template":"","meta":{"ngg_post_thumbnail":0,"footnotes":""},"class_list":["post-8836","page","type-page","status-publish","hentry","clearfix"],"_links":{"self":[{"href":"https:\/\/przedszkole150.edu.wroclaw.pl\/index.php\/wp-json\/wp\/v2\/pages\/8836","targetHints":{"allow":["GET"]}}],"collection":[{"href":"https:\/\/przedszkole150.edu.wroclaw.pl\/index.php\/wp-json\/wp\/v2\/pages"}],"about":[{"href":"https:\/\/przedszkole150.edu.wroclaw.pl\/index.php\/wp-json\/wp\/v2\/types\/page"}],"author":[{"embeddable":true,"href":"https:\/\/przedszkole150.edu.wroclaw.pl\/index.php\/wp-json\/wp\/v2\/users\/264"}],"replies":[{"embeddable":true,"href":"https:\/\/przedszkole150.edu.wroclaw.pl\/index.php\/wp-json\/wp\/v2\/comments?post=8836"}],"version-history":[{"count":2,"href":"https:\/\/przedszkole150.edu.wroclaw.pl\/index.php\/wp-json\/wp\/v2\/pages\/8836\/revisions"}],"predecessor-version":[{"id":8839,"href":"https:\/\/przedszkole150.edu.wroclaw.pl\/index.php\/wp-json\/wp\/v2\/pages\/8836\/revisions\/8839"}],"wp:attachment":[{"href":"https:\/\/przedszkole150.edu.wroclaw.pl\/index.php\/wp-json\/wp\/v2\/media?parent=8836"}],"curies":[{"name":"wp","href":"https:\/\/api.w.org\/{rel}","templated":true}]}}