
{"id":8851,"date":"2026-03-11T05:58:37","date_gmt":"2026-03-11T04:58:37","guid":{"rendered":"https:\/\/przedszkole150.edu.wroclaw.pl\/?page_id=8851"},"modified":"2026-03-11T05:58:58","modified_gmt":"2026-03-11T04:58:58","slug":"8851-2","status":"publish","type":"page","link":"https:\/\/przedszkole150.edu.wroclaw.pl\/index.php\/8851-2\/","title":{"rendered":"Wycieczka do Hydropolis"},"content":{"rendered":"<div class=\"wpb-content-wrapper\"><div data-processed=\"true\" data-hveid=\"CAQQAA\" data-sfc-cb=\"\" data-sfc-cp=\"\">W dniu 10.03.2026 dzieci z grup V i VI odwiedzi\u0142y niesamowite Centrum Edukacji Ekologicznej Hydropolis we Wroc\u0142awiu. By\u0142a to fascynuj\u0105ca podr\u00f3\u017c, podczas kt\u00f3rej mali odkrywcy poznawali wod\u0119 z r\u00f3\u017cnych perspektyw.<\/div>\n<div data-processed=\"true\" data-hveid=\"CAUQAA\" data-sfc-cb=\"\" data-sfc-cp=\"\">Podczas wizyty dzieci:<\/div>\n<ul data-processed=\"true\" data-sfc-cb=\"\">\n<li data-processed=\"true\" data-hveid=\"CAYQAA\" data-sfc-cb=\"\"><span data-processed=\"true\" data-sfc-cb=\"\" data-sfc-cp=\"\"><strong data-processed=\"true\" data-sfc-cb=\"\">Podziwia\u0142y interaktywne instalacje<\/strong>, kt\u00f3re anga\u017cuj\u0105 zmys\u0142y.<\/span><\/li>\n<li data-processed=\"true\" data-hveid=\"CAYQAQ\" data-sfc-cb=\"\"><span data-processed=\"true\" data-sfc-cb=\"\" data-sfc-cp=\"\"><strong data-processed=\"true\" data-sfc-cb=\"\">Dowiedzia\u0142y si\u0119, sk\u0105d bierze si\u0119 woda<\/strong>\u00a0i jak wa\u017cna jest dla naszej planety.<\/span><\/li>\n<li data-processed=\"true\" data-hveid=\"CAYQAg\" data-sfc-cb=\"\"><span data-processed=\"true\" data-sfc-cb=\"\" data-sfc-cp=\"\"><strong data-processed=\"true\" data-sfc-cb=\"\">Zobaczy\u0142y niezwyk\u0142e modele<\/strong>\u00a0oraz multimedialne pokazy.<\/span><\/li>\n<li data-processed=\"true\" data-hveid=\"CAYQAw\" data-sfc-cb=\"\"><span data-processed=\"true\" data-sfc-cb=\"\" data-sfc-cp=\"\"><strong data-processed=\"true\" data-sfc-cb=\"\">Bawi\u0142y si\u0119 i uczy\u0142y<\/strong>, korzystaj\u0105c z atrakcji dostosowanych specjalnie dla dzieci.<\/span><span data-processed=\"true\" data-sfc-cb=\"\" data-wiz-uids=\"MkPiSd_12,MkPiSd_13\">\u00a0<button data-processed=\"true\" data-hveid=\"CAYQBA\" data-ved=\"2ahUKEwjF4MynipaTAxXeHhAIHTn7MK4Qye0OegQIBhAE\" data-wiz-attrbind=\"disabled=MkPiSd_11\/C5gNJc;aria-label=MkPiSd_11\/bOjMyf;class=MkPiSd_11\/UpSNec\" data-icl-uuid=\"fc040fef-3e92-4f1c-a9cf-4028c722fac6\" data-amic=\"true\"><\/button><\/span> +2<\/li>\n<\/ul>\n<div data-processed=\"true\" data-hveid=\"CAcQAA\" data-sfc-cb=\"\" data-sfc-cp=\"\">Dzi\u0119ki tej wycieczce przedszkolacy zrozumieli, jak cenna jest woda i jak nale\u017cy o ni\u0105 dba\u0107. To by\u0142a niezapomniana przygoda pe\u0142na wra\u017ce\u0144!<\/div>\n<p>[\/vc_column_text][vc_gallery type=&#8221;image_grid&#8221; images=&#8221;8852,8853,8854,8855,8856,8857,8858&#8243; css=&#8221;&#8221;][\/vc_column][\/vc_row]<\/p>\n<\/div>","protected":false},"excerpt":{"rendered":"<p>W dniu 10.03.2026 dzieci z grup V i VI odwiedzi\u0142y niesamowite Centrum Edukacji Ekologicznej Hydropolis we Wroc\u0142awiu. By\u0142a to fascynuj\u0105ca podr\u00f3\u017c, podczas kt\u00f3rej mali odkrywcy poznawali wod\u0119 z r\u00f3\u017cnych perspektyw. [&hellip;]<\/p>\n","protected":false},"author":264,"featured_media":0,"parent":0,"menu_order":0,"comment_status":"closed","ping_status":"closed","template":"","meta":{"ngg_post_thumbnail":0,"footnotes":""},"class_list":["post-8851","page","type-page","status-publish","hentry","clearfix"],"_links":{"self":[{"href":"https:\/\/przedszkole150.edu.wroclaw.pl\/index.php\/wp-json\/wp\/v2\/pages\/8851","targetHints":{"allow":["GET"]}}],"collection":[{"href":"https:\/\/przedszkole150.edu.wroclaw.pl\/index.php\/wp-json\/wp\/v2\/pages"}],"about":[{"href":"https:\/\/przedszkole150.edu.wroclaw.pl\/index.php\/wp-json\/wp\/v2\/types\/page"}],"author":[{"embeddable":true,"href":"https:\/\/przedszkole150.edu.wroclaw.pl\/index.php\/wp-json\/wp\/v2\/users\/264"}],"replies":[{"embeddable":true,"href":"https:\/\/przedszkole150.edu.wroclaw.pl\/index.php\/wp-json\/wp\/v2\/comments?post=8851"}],"version-history":[{"count":2,"href":"https:\/\/przedszkole150.edu.wroclaw.pl\/index.php\/wp-json\/wp\/v2\/pages\/8851\/revisions"}],"predecessor-version":[{"id":8860,"href":"https:\/\/przedszkole150.edu.wroclaw.pl\/index.php\/wp-json\/wp\/v2\/pages\/8851\/revisions\/8860"}],"wp:attachment":[{"href":"https:\/\/przedszkole150.edu.wroclaw.pl\/index.php\/wp-json\/wp\/v2\/media?parent=8851"}],"curies":[{"name":"wp","href":"https:\/\/api.w.org\/{rel}","templated":true}]}}