
{"id":8866,"date":"2026-03-16T17:28:15","date_gmt":"2026-03-16T16:28:15","guid":{"rendered":"https:\/\/przedszkole150.edu.wroclaw.pl\/?page_id=8866"},"modified":"2026-03-16T17:28:15","modified_gmt":"2026-03-16T16:28:15","slug":"kartki-swiateczne-dla-weteranow","status":"publish","type":"page","link":"https:\/\/przedszkole150.edu.wroclaw.pl\/index.php\/kartki-swiateczne-dla-weteranow\/","title":{"rendered":"Kartki \u015bwi\u0105teczne dla weteran\u00f3w"},"content":{"rendered":"<div class=\"wpb-content-wrapper\"><p>[vc_row][vc_column][vc_column_text]<span style=\"font-family: times new roman, times;font-size: 14pt\" data-olk-copy-source=\"MessageBody\">Dzieci z grup <strong>II, VI i IX,\u00a0<\/strong> z wielkim zaanga\u017cowaniem przygotowywa\u0142y \u015bwi\u0105teczne kartki dla weteran\u00f3w II wojny \u015bwiatowej \u2013 bohater\u00f3w, kt\u00f3rym Polska zawdzi\u0119cza wolno\u015b\u0107 i niepodleg\u0142o\u015b\u0107. Najm\u0142odsi malowali kolorowe rysunki, pisali proste \u017cyczenia i dodawali serca, wyra\u017caj\u0105c wdzi\u0119czno\u015b\u0107 za odwag\u0119, jak\u0105 okazali w czasie wojny. W ten symboliczny spos\u00f3b chcieli powiedzie\u0107 &#8222;dzi\u0119kuj\u0119&#8221; za to, \u017ce dzi\u0119ki nim mog\u0105 dzi\u015b swobodnie bawi\u0107 si\u0119, ta\u0144czy\u0107, \u015bpiewa\u0107, malowa\u0107 i poszerza\u0107 wiedz\u0119 bez \u017cadnych przeszk\u00f3d.\u00a0 \u00a0<\/span>[\/vc_column_text][vc_gallery type=&#8221;image_grid&#8221; images=&#8221;8867,8868,8869,8870,8871&#8243; css=&#8221;&#8221;][\/vc_column][\/vc_row]<\/p>\n<\/div>","protected":false},"excerpt":{"rendered":"<p>[vc_row][vc_column][vc_column_text]Dzieci z grup II, VI i IX,\u00a0 z wielkim zaanga\u017cowaniem przygotowywa\u0142y \u015bwi\u0105teczne kartki dla weteran\u00f3w II wojny \u015bwiatowej \u2013 bohater\u00f3w, kt\u00f3rym Polska zawdzi\u0119cza wolno\u015b\u0107 i niepodleg\u0142o\u015b\u0107. Najm\u0142odsi malowali kolorowe rysunki, [&hellip;]<\/p>\n","protected":false},"author":200,"featured_media":0,"parent":0,"menu_order":0,"comment_status":"closed","ping_status":"closed","template":"","meta":{"ngg_post_thumbnail":0,"footnotes":""},"class_list":["post-8866","page","type-page","status-publish","hentry","clearfix"],"_links":{"self":[{"href":"https:\/\/przedszkole150.edu.wroclaw.pl\/index.php\/wp-json\/wp\/v2\/pages\/8866","targetHints":{"allow":["GET"]}}],"collection":[{"href":"https:\/\/przedszkole150.edu.wroclaw.pl\/index.php\/wp-json\/wp\/v2\/pages"}],"about":[{"href":"https:\/\/przedszkole150.edu.wroclaw.pl\/index.php\/wp-json\/wp\/v2\/types\/page"}],"author":[{"embeddable":true,"href":"https:\/\/przedszkole150.edu.wroclaw.pl\/index.php\/wp-json\/wp\/v2\/users\/200"}],"replies":[{"embeddable":true,"href":"https:\/\/przedszkole150.edu.wroclaw.pl\/index.php\/wp-json\/wp\/v2\/comments?post=8866"}],"version-history":[{"count":1,"href":"https:\/\/przedszkole150.edu.wroclaw.pl\/index.php\/wp-json\/wp\/v2\/pages\/8866\/revisions"}],"predecessor-version":[{"id":8872,"href":"https:\/\/przedszkole150.edu.wroclaw.pl\/index.php\/wp-json\/wp\/v2\/pages\/8866\/revisions\/8872"}],"wp:attachment":[{"href":"https:\/\/przedszkole150.edu.wroclaw.pl\/index.php\/wp-json\/wp\/v2\/media?parent=8866"}],"curies":[{"name":"wp","href":"https:\/\/api.w.org\/{rel}","templated":true}]}}