
{"id":8874,"date":"2026-03-16T17:32:11","date_gmt":"2026-03-16T16:32:11","guid":{"rendered":"https:\/\/przedszkole150.edu.wroclaw.pl\/?page_id=8874"},"modified":"2026-03-16T17:32:11","modified_gmt":"2026-03-16T16:32:11","slug":"akcja-ksiazka-dla-przedszkolaka","status":"publish","type":"page","link":"https:\/\/przedszkole150.edu.wroclaw.pl\/index.php\/akcja-ksiazka-dla-przedszkolaka\/","title":{"rendered":"Akcja Ksi\u0105\u017cka (dla) Przedszkolaka"},"content":{"rendered":"<div class=\"wpb-content-wrapper\"><p>[vc_row][vc_column][vc_column_text]<span style=\"font-family: times new roman, times;font-size: 14pt\">Dzieci z grupy II przy\u0142\u0105czy\u0142y si\u0119 do Akcji Ksi\u0105\u017cka (dla) Przedszkolaka. Przedszkolaki zosta\u0142y zapoznane z kanonem literatury dzieci\u0119cej, zaaran\u017cowane zosta\u0142y zaj\u0119cia maj\u0105ce na celu przybli\u017cenie warto\u015bci ksi\u0105\u017cki i uczenie szacunku do niej. W\u00a0\u00a0holu przedszkola stworzony jest punkt wymiany ksi\u0105\u017cek\u00a0, dzi\u0119ki kt\u00f3rym dzieci mog\u0105 dzieli\u0107 si\u0119 ksi\u0105\u017ckami z domowej biblioteczki z innymi dzie\u0107mi.<\/span>[\/vc_column_text][vc_gallery type=&#8221;image_grid&#8221; images=&#8221;8875&#8243; css=&#8221;&#8221;][\/vc_column][\/vc_row]<\/p>\n<\/div>","protected":false},"excerpt":{"rendered":"<p>[vc_row][vc_column][vc_column_text]Dzieci z grupy II przy\u0142\u0105czy\u0142y si\u0119 do Akcji Ksi\u0105\u017cka (dla) Przedszkolaka. Przedszkolaki zosta\u0142y zapoznane z kanonem literatury dzieci\u0119cej, zaaran\u017cowane zosta\u0142y zaj\u0119cia maj\u0105ce na celu przybli\u017cenie warto\u015bci ksi\u0105\u017cki i uczenie szacunku [&hellip;]<\/p>\n","protected":false},"author":200,"featured_media":0,"parent":0,"menu_order":0,"comment_status":"closed","ping_status":"closed","template":"","meta":{"ngg_post_thumbnail":0,"footnotes":""},"class_list":["post-8874","page","type-page","status-publish","hentry","clearfix"],"_links":{"self":[{"href":"https:\/\/przedszkole150.edu.wroclaw.pl\/index.php\/wp-json\/wp\/v2\/pages\/8874","targetHints":{"allow":["GET"]}}],"collection":[{"href":"https:\/\/przedszkole150.edu.wroclaw.pl\/index.php\/wp-json\/wp\/v2\/pages"}],"about":[{"href":"https:\/\/przedszkole150.edu.wroclaw.pl\/index.php\/wp-json\/wp\/v2\/types\/page"}],"author":[{"embeddable":true,"href":"https:\/\/przedszkole150.edu.wroclaw.pl\/index.php\/wp-json\/wp\/v2\/users\/200"}],"replies":[{"embeddable":true,"href":"https:\/\/przedszkole150.edu.wroclaw.pl\/index.php\/wp-json\/wp\/v2\/comments?post=8874"}],"version-history":[{"count":1,"href":"https:\/\/przedszkole150.edu.wroclaw.pl\/index.php\/wp-json\/wp\/v2\/pages\/8874\/revisions"}],"predecessor-version":[{"id":8876,"href":"https:\/\/przedszkole150.edu.wroclaw.pl\/index.php\/wp-json\/wp\/v2\/pages\/8874\/revisions\/8876"}],"wp:attachment":[{"href":"https:\/\/przedszkole150.edu.wroclaw.pl\/index.php\/wp-json\/wp\/v2\/media?parent=8874"}],"curies":[{"name":"wp","href":"https:\/\/api.w.org\/{rel}","templated":true}]}}