
{"id":8888,"date":"2026-03-19T16:50:45","date_gmt":"2026-03-19T15:50:45","guid":{"rendered":"https:\/\/przedszkole150.edu.wroclaw.pl\/?page_id=8888"},"modified":"2026-03-29T12:45:15","modified_gmt":"2026-03-29T10:45:15","slug":"kosmiczne-zabawy-w-naszym-przedszkolu","status":"publish","type":"page","link":"https:\/\/przedszkole150.edu.wroclaw.pl\/index.php\/kosmiczne-zabawy-w-naszym-przedszkolu\/","title":{"rendered":"Kosmiczne zabawy w naszym przedszkolu\u00a0"},"content":{"rendered":"<div class=\"wpb-content-wrapper\"><p data-start=\"95\" data-end=\"275\">W naszym przedszkolu dzieci wyruszaj\u0105 w niezwyk\u0142\u0105 podr\u00f3\u017c w kosmos! Poprzez kreatywne zabawy i zaj\u0119cia tematyczne nasze przedszkolaki zg\u0142ebi\u0142y tajemnice planet, gwiazd oraz Uk\u0142adu S\u0142onecznego.<\/p>\n<p data-start=\"277\" data-end=\"607\">Podczas zabaw dzieci\u2013 tworzy\u0142y w\u0142asne rakiety, tworzy\u0142y\u00a0 planety, uczy\u0142y si\u0119 nazw cia\u0142 niebieskich, a tak\u017ce uczestniczy\u0142y w\u00a0 eksperymentach. Nie braka\u0142o r\u00f3wnie\u017c ruchowych zabaw inspirowanych lotem w przestrzeni kosmicznej oraz wsp\u00f3lnego odkrywania, jak wygl\u0105da praca astronauty.<\/p>\n<p>[\/vc_column_text][vc_gallery type=&#8221;image_grid&#8221; images=&#8221;8934,8935,8936,8937,8938,8939,8940,8941,8942,8943,8944,8945,8946,8947,8948,8949,8950,8951,8952&#8243; css=&#8221;&#8221;][\/vc_column][\/vc_row]<\/p>\n<\/div>","protected":false},"excerpt":{"rendered":"<p>W naszym przedszkolu dzieci wyruszaj\u0105 w niezwyk\u0142\u0105 podr\u00f3\u017c w kosmos! Poprzez kreatywne zabawy i zaj\u0119cia tematyczne nasze przedszkolaki zg\u0142ebi\u0142y tajemnice planet, gwiazd oraz Uk\u0142adu S\u0142onecznego. Podczas zabaw dzieci\u2013 tworzy\u0142y w\u0142asne [&hellip;]<\/p>\n","protected":false},"author":264,"featured_media":0,"parent":0,"menu_order":0,"comment_status":"closed","ping_status":"closed","template":"","meta":{"ngg_post_thumbnail":0,"footnotes":""},"class_list":["post-8888","page","type-page","status-publish","hentry","clearfix"],"_links":{"self":[{"href":"https:\/\/przedszkole150.edu.wroclaw.pl\/index.php\/wp-json\/wp\/v2\/pages\/8888","targetHints":{"allow":["GET"]}}],"collection":[{"href":"https:\/\/przedszkole150.edu.wroclaw.pl\/index.php\/wp-json\/wp\/v2\/pages"}],"about":[{"href":"https:\/\/przedszkole150.edu.wroclaw.pl\/index.php\/wp-json\/wp\/v2\/types\/page"}],"author":[{"embeddable":true,"href":"https:\/\/przedszkole150.edu.wroclaw.pl\/index.php\/wp-json\/wp\/v2\/users\/264"}],"replies":[{"embeddable":true,"href":"https:\/\/przedszkole150.edu.wroclaw.pl\/index.php\/wp-json\/wp\/v2\/comments?post=8888"}],"version-history":[{"count":4,"href":"https:\/\/przedszkole150.edu.wroclaw.pl\/index.php\/wp-json\/wp\/v2\/pages\/8888\/revisions"}],"predecessor-version":[{"id":8954,"href":"https:\/\/przedszkole150.edu.wroclaw.pl\/index.php\/wp-json\/wp\/v2\/pages\/8888\/revisions\/8954"}],"wp:attachment":[{"href":"https:\/\/przedszkole150.edu.wroclaw.pl\/index.php\/wp-json\/wp\/v2\/media?parent=8888"}],"curies":[{"name":"wp","href":"https:\/\/api.w.org\/{rel}","templated":true}]}}