
{"id":8890,"date":"2026-03-19T16:56:34","date_gmt":"2026-03-19T15:56:34","guid":{"rendered":"https:\/\/przedszkole150.edu.wroclaw.pl\/?page_id=8890"},"modified":"2026-03-20T06:04:32","modified_gmt":"2026-03-20T05:04:32","slug":"koncert-wiosenny-2","status":"publish","type":"page","link":"https:\/\/przedszkole150.edu.wroclaw.pl\/index.php\/koncert-wiosenny-2\/","title":{"rendered":"Koncert wiosenny"},"content":{"rendered":"<div class=\"wpb-content-wrapper\"><p>[vc_row][vc_column][vc_column_text]<\/p>\n<p data-start=\"129\" data-end=\"365\">Wraz z nadej\u015bciem wiosny w naszym przedszkolu odby\u0142 si\u0119 wyj\u0105tkowy koncert, pe\u0142en muzyki, rado\u015bci i dzieci\u0119cej energii. By\u0142o to niezwyk\u0142e wydarzenie, podczas kt\u00f3rego dzieci zaprezentowa\u0142y swoje umiej\u0119tno\u015bci wokalne, taneczne i aktorskie.<\/p>\n<p data-start=\"367\" data-end=\"585\">Mali arty\u015bci z ogromnym zaanga\u017cowaniem wyst\u0105pili przed publiczno\u015bci\u0105, \u015bpiewaj\u0105c wiosenne piosenki i prezentuj\u0105c uk\u0142ady taneczne inspirowane budz\u0105c\u0105 si\u0119 do \u017cycia przyrod\u0105. Wyst\u0119py dostarczy\u0142y wielu wzrusze\u0144 i u\u015bmiech\u00f3w.<\/p>\n<p data-start=\"587\" data-end=\"774\">Koncert by\u0142 nie tylko pi\u0119knym widowiskiem, ale r\u00f3wnie\u017c wa\u017cnym do\u015bwiadczeniem dla dzieci \u2013 pom\u00f3g\u0142 im w budowaniu pewno\u015bci siebie, rozwijaniu talent\u00f3w oraz umiej\u0119tno\u015bci wsp\u00f3\u0142pracy w grupie.<\/p>\n<p data-start=\"776\" data-end=\"868\">Dzi\u0119kujemy wszystkim dzieciom za wspania\u0142e wyst\u0119py oraz rodzicom za obecno\u015b\u0107 i wsparcie.<\/p>\n<p>[\/vc_column_text][vc_gallery type=&#8221;image_grid&#8221; images=&#8221;8904,8905,8906&#8243; css=&#8221;&#8221;][\/vc_column][\/vc_row]<\/p>\n<\/div>","protected":false},"excerpt":{"rendered":"<p>[vc_row][vc_column][vc_column_text] Wraz z nadej\u015bciem wiosny w naszym przedszkolu odby\u0142 si\u0119 wyj\u0105tkowy koncert, pe\u0142en muzyki, rado\u015bci i dzieci\u0119cej energii. By\u0142o to niezwyk\u0142e wydarzenie, podczas kt\u00f3rego dzieci zaprezentowa\u0142y swoje umiej\u0119tno\u015bci wokalne, taneczne [&hellip;]<\/p>\n","protected":false},"author":264,"featured_media":0,"parent":0,"menu_order":0,"comment_status":"closed","ping_status":"closed","template":"","meta":{"ngg_post_thumbnail":0,"footnotes":""},"class_list":["post-8890","page","type-page","status-publish","hentry","clearfix"],"_links":{"self":[{"href":"https:\/\/przedszkole150.edu.wroclaw.pl\/index.php\/wp-json\/wp\/v2\/pages\/8890","targetHints":{"allow":["GET"]}}],"collection":[{"href":"https:\/\/przedszkole150.edu.wroclaw.pl\/index.php\/wp-json\/wp\/v2\/pages"}],"about":[{"href":"https:\/\/przedszkole150.edu.wroclaw.pl\/index.php\/wp-json\/wp\/v2\/types\/page"}],"author":[{"embeddable":true,"href":"https:\/\/przedszkole150.edu.wroclaw.pl\/index.php\/wp-json\/wp\/v2\/users\/264"}],"replies":[{"embeddable":true,"href":"https:\/\/przedszkole150.edu.wroclaw.pl\/index.php\/wp-json\/wp\/v2\/comments?post=8890"}],"version-history":[{"count":3,"href":"https:\/\/przedszkole150.edu.wroclaw.pl\/index.php\/wp-json\/wp\/v2\/pages\/8890\/revisions"}],"predecessor-version":[{"id":8908,"href":"https:\/\/przedszkole150.edu.wroclaw.pl\/index.php\/wp-json\/wp\/v2\/pages\/8890\/revisions\/8908"}],"wp:attachment":[{"href":"https:\/\/przedszkole150.edu.wroclaw.pl\/index.php\/wp-json\/wp\/v2\/media?parent=8890"}],"curies":[{"name":"wp","href":"https:\/\/api.w.org\/{rel}","templated":true}]}}