
{"id":8914,"date":"2026-03-26T12:51:39","date_gmt":"2026-03-26T11:51:39","guid":{"rendered":"https:\/\/przedszkole150.edu.wroclaw.pl\/?page_id=8914"},"modified":"2026-03-26T12:51:39","modified_gmt":"2026-03-26T11:51:39","slug":"dzien-wody-2026","status":"publish","type":"page","link":"https:\/\/przedszkole150.edu.wroclaw.pl\/index.php\/dzien-wody-2026\/","title":{"rendered":"Dzie\u0144 Wody 2026"},"content":{"rendered":"<div class=\"wpb-content-wrapper\"><p>[vc_row][vc_column][vc_column_text]<\/p>\n<p data-olk-copy-source=\"MessageBody\"><span style=\"font-family: times new roman, times;font-size: 14pt\">W ramach obchod\u00f3w <span style=\"color: #0000ff\">\u015awiatowego Dnia Wody<\/span> dzieci z grupy VI i IX wzi\u0119\u0142y udzia\u0142 w akcji edukacyjnej organizowanej przez Polska Akcja Humanitarna.<\/span><\/p>\n<p><span style=\"font-family: times new roman, times;font-size: 14pt\">Podczas zaj\u0119\u0107 przedszkolaki poszerzy\u0142y swoj\u0105 wiedz\u0119 na temat znaczenia wody w \u017cyciu cz\u0142owieka, dowiedzia\u0142y si\u0119, jak wa\u017cne jest jej oszcz\u0119dzanie oraz w jaki spos\u00f3b mo\u017cna pomaga\u0107 innym, dbaj\u0105c o zasoby wodne na \u015bwiecie.<\/span>[\/vc_column_text][vc_gallery type=&#8221;image_grid&#8221; images=&#8221;8918,8916,8915&#8243; css=&#8221;&#8221;][\/vc_column][\/vc_row]<\/p>\n<\/div>","protected":false},"excerpt":{"rendered":"<p>[vc_row][vc_column][vc_column_text] W ramach obchod\u00f3w \u015awiatowego Dnia Wody dzieci z grupy VI i IX wzi\u0119\u0142y udzia\u0142 w akcji edukacyjnej organizowanej przez Polska Akcja Humanitarna. Podczas zaj\u0119\u0107 przedszkolaki poszerzy\u0142y swoj\u0105 wiedz\u0119 na [&hellip;]<\/p>\n","protected":false},"author":200,"featured_media":0,"parent":0,"menu_order":0,"comment_status":"closed","ping_status":"closed","template":"","meta":{"ngg_post_thumbnail":0,"footnotes":""},"class_list":["post-8914","page","type-page","status-publish","hentry","clearfix"],"_links":{"self":[{"href":"https:\/\/przedszkole150.edu.wroclaw.pl\/index.php\/wp-json\/wp\/v2\/pages\/8914","targetHints":{"allow":["GET"]}}],"collection":[{"href":"https:\/\/przedszkole150.edu.wroclaw.pl\/index.php\/wp-json\/wp\/v2\/pages"}],"about":[{"href":"https:\/\/przedszkole150.edu.wroclaw.pl\/index.php\/wp-json\/wp\/v2\/types\/page"}],"author":[{"embeddable":true,"href":"https:\/\/przedszkole150.edu.wroclaw.pl\/index.php\/wp-json\/wp\/v2\/users\/200"}],"replies":[{"embeddable":true,"href":"https:\/\/przedszkole150.edu.wroclaw.pl\/index.php\/wp-json\/wp\/v2\/comments?post=8914"}],"version-history":[{"count":1,"href":"https:\/\/przedszkole150.edu.wroclaw.pl\/index.php\/wp-json\/wp\/v2\/pages\/8914\/revisions"}],"predecessor-version":[{"id":8919,"href":"https:\/\/przedszkole150.edu.wroclaw.pl\/index.php\/wp-json\/wp\/v2\/pages\/8914\/revisions\/8919"}],"wp:attachment":[{"href":"https:\/\/przedszkole150.edu.wroclaw.pl\/index.php\/wp-json\/wp\/v2\/media?parent=8914"}],"curies":[{"name":"wp","href":"https:\/\/api.w.org\/{rel}","templated":true}]}}