
{"id":8984,"date":"2026-03-29T13:24:09","date_gmt":"2026-03-29T11:24:09","guid":{"rendered":"https:\/\/przedszkole150.edu.wroclaw.pl\/?page_id=8984"},"modified":"2026-03-29T13:24:24","modified_gmt":"2026-03-29T11:24:24","slug":"dzien-teatru","status":"publish","type":"page","link":"https:\/\/przedszkole150.edu.wroclaw.pl\/index.php\/dzien-teatru\/","title":{"rendered":"Dzie\u0144 teatru!"},"content":{"rendered":"<div class=\"wpb-content-wrapper\"><p data-start=\"45\" data-end=\"208\">W naszym przedszkolu obchodzili\u015bmy wyj\u0105tkowe \u015bwi\u0119to \u2013 Dzie\u0144 Teatru. By\u0142a to doskona\u0142a okazja, aby wprowadzi\u0107 dzieci w magiczny \u015bwiat sceny, aktor\u00f3w i przedstawie\u0144.<\/p>\n<p data-start=\"210\" data-end=\"439\">Podczas zaj\u0119\u0107 przedszkolaki pozna\u0142y, czym jest teatr oraz jakie elementy s\u0105 potrzebne do stworzenia spektaklu. Dzieci dowiedzia\u0142y si\u0119, kim jest aktor, re\u017cyser oraz scenograf, a tak\u017ce jak wa\u017cn\u0105 rol\u0119 odgrywaj\u0105 kostiumy i dekoracje.<\/p>\n<p data-start=\"441\" data-end=\"726\">Najwi\u0119cej rado\u015bci sprawi\u0142y jednak zabawy teatralne. Dzieci wciela\u0142y si\u0119 w r\u00f3\u017cne postacie, odgrywa\u0142y kr\u00f3tkie scenki oraz bawi\u0142y si\u0119 w improwizacj\u0119. Nie zabrak\u0142o r\u00f3wnie\u017c w\u0142asnor\u0119cznie wykonanych masek i prostych stroj\u00f3w, kt\u00f3re pozwoli\u0142y jeszcze bardziej poczu\u0107 si\u0119 jak prawdziwi arty\u015bci.<\/p>\n<p>[\/vc_column_text][vc_gallery type=&#8221;image_grid&#8221; images=&#8221;8985,8986,8987,8988,8989,8990&#8243; css=&#8221;&#8221;][\/vc_column][\/vc_row]<\/p>\n<\/div>","protected":false},"excerpt":{"rendered":"<p>W naszym przedszkolu obchodzili\u015bmy wyj\u0105tkowe \u015bwi\u0119to \u2013 Dzie\u0144 Teatru. By\u0142a to doskona\u0142a okazja, aby wprowadzi\u0107 dzieci w magiczny \u015bwiat sceny, aktor\u00f3w i przedstawie\u0144. Podczas zaj\u0119\u0107 przedszkolaki pozna\u0142y, czym jest teatr [&hellip;]<\/p>\n","protected":false},"author":264,"featured_media":0,"parent":0,"menu_order":0,"comment_status":"closed","ping_status":"closed","template":"","meta":{"ngg_post_thumbnail":0,"footnotes":""},"class_list":["post-8984","page","type-page","status-publish","hentry","clearfix"],"_links":{"self":[{"href":"https:\/\/przedszkole150.edu.wroclaw.pl\/index.php\/wp-json\/wp\/v2\/pages\/8984","targetHints":{"allow":["GET"]}}],"collection":[{"href":"https:\/\/przedszkole150.edu.wroclaw.pl\/index.php\/wp-json\/wp\/v2\/pages"}],"about":[{"href":"https:\/\/przedszkole150.edu.wroclaw.pl\/index.php\/wp-json\/wp\/v2\/types\/page"}],"author":[{"embeddable":true,"href":"https:\/\/przedszkole150.edu.wroclaw.pl\/index.php\/wp-json\/wp\/v2\/users\/264"}],"replies":[{"embeddable":true,"href":"https:\/\/przedszkole150.edu.wroclaw.pl\/index.php\/wp-json\/wp\/v2\/comments?post=8984"}],"version-history":[{"count":2,"href":"https:\/\/przedszkole150.edu.wroclaw.pl\/index.php\/wp-json\/wp\/v2\/pages\/8984\/revisions"}],"predecessor-version":[{"id":8992,"href":"https:\/\/przedszkole150.edu.wroclaw.pl\/index.php\/wp-json\/wp\/v2\/pages\/8984\/revisions\/8992"}],"wp:attachment":[{"href":"https:\/\/przedszkole150.edu.wroclaw.pl\/index.php\/wp-json\/wp\/v2\/media?parent=8984"}],"curies":[{"name":"wp","href":"https:\/\/api.w.org\/{rel}","templated":true}]}}